{"id":143,"date":"2025-07-24T18:53:10","date_gmt":"2025-07-24T16:53:10","guid":{"rendered":"https:\/\/geographica.es\/blog-geographica\/?page_id=143"},"modified":"2025-07-24T18:53:12","modified_gmt":"2025-07-24T16:53:12","slug":"politica-de-cookies","status":"publish","type":"page","link":"https:\/\/geographica.es\/blog-geographica\/politica-de-cookies\/","title":{"rendered":"Pol\u00edtica de cookies"},"content":{"rendered":"\n<div style=\"height:100px\" aria-hidden=\"true\" class=\"wp-block-spacer\"><\/div>\n\n\n\n<h2 class=\"wp-block-heading has-text-align-center\" id=\"h-politica-de-cookies\">Pol\u00edtica de cookies<br><\/h2>\n\n\n\n<p class=\"has-text-align-center\">Global Adventure Team hace todo lo posible por proteger la privacidad y seguridad de los datos que recolectamos de los visitantes que utilizan nuestro sitio web, y actuamos como Controlador en virtud de las normas y reglas de protecci\u00f3n de datos pertinentes.<\/p>\n\n\n\n<p class=\"has-text-align-center\">Nuestro sitio web utiliza tecnolog\u00edas que mejoran la facilidad de uso y la interacci\u00f3n con el fin de que su funcionamiento est\u00e9 libre de problemas en la mayor medida posible, as\u00ed como para proporcionar servicios y funciones web a cada visitante.<\/p>\n\n\n\n<p class=\"has-text-align-center\">Algunos ejemplos de estas tecnolog\u00edas son las cookies, las etiquetas de p\u00edxel, el almacenamiento local y las secuencias de comandos (que en este documento se denominan \u201ccookies\u201d). Esto nos ayuda a proporcionarle una buena experiencia, a mejorar nuestro servicio y a analizar los datos de actuaci\u00f3n personalizados en nuestra web.<\/p>\n\n\n\n<p class=\"has-text-align-center\">En esta pol\u00edtica de cookies, se describen los tipos de las misma utilizadas de manera general, as\u00ed como las que se utilizan en la presente y los prop\u00f3sitos de las mismas.<\/p>\n\n\n\n<p class=\"has-text-align-center\">Si tiene preguntas sobre esta Pol\u00edtica de cookies, le informamos que el Responsable de Tratamiento es Global Adventure Team SL con CIF B75506287 y direcci\u00f3n a estos efectos en Calle de Miguel Yuste 3, 3\u00baE, 28037 Madrid, tel\u00e9fono 915358425 y direcci\u00f3n electr\u00f3nica informacion@geographica.es<\/p>\n\n\n\n<p class=\"has-text-align-center\">\u00bfQu\u00e9 es una cookie?<\/p>\n\n\n\n<p class=\"has-text-align-center\">Las cookies son peque\u00f1os archivos de datos que los sitios web transfieren a los ordenadores o dispositivos con el prop\u00f3sito de llevar registros y mejorar la funcionalidad del sitio web. Los sitios web pueden leer estos archivos, que les permiten identificar a un usuario cuando este lo visita en repetidas ocasiones.<\/p>\n\n\n\n<p class=\"has-text-align-center\">Conceptos clave<\/p>\n\n\n\n<ul class=\"wp-block-list\">\n<li>Las cookies propias\u00a0son las creadas por el sitio web que est\u00e1 visitando el usuario (p. ej., cookies creadas por el dominio de nuestro sitio web).<\/li>\n\n\n\n<li>Las cookies de terceros\u00a0son las creadas por un dominio distinto del sitio web visitado por el usuario. Si un usuario visita un sitio web y otra entidad crea una cookie mediante ese sitio web, esa ser\u00eda una cookie de tercero.<\/li>\n\n\n\n<li>Cookies persistentes: estas cookies permanecen en el dispositivo del usuario durante el periodo especificado en la cookie. Se activan cada vez que el usuario visita el sitio web que las cre\u00f3.<\/li>\n\n\n\n<li>Cookies de sesi\u00f3n: estas cookies permiten que los operadores de un sitio web vinculen distintas acciones de un usuario durante una sesi\u00f3n de navegaci\u00f3n. Una sesi\u00f3n de navegaci\u00f3n comienza cuando un usuario abre una ventana del navegador y termina cuando la cierra. Las cookies de sesi\u00f3n se crean temporalmente. Cuando se cierra el navegador, se borran todas las cookies de sesi\u00f3n.<\/li>\n<\/ul>\n\n\n\n<p class=\"has-text-align-center\">\u00bfQu\u00e9 cookies se utilizan y por qu\u00e9?<\/p>\n\n\n\n<p class=\"has-text-align-center\">En t\u00e9rminos generales, los sitios web utilizan cookies para distinguir entre diferentes usuarios. Esto ayuda a proporcionarle una buena experiencia cuando navega en el sitio web y tambi\u00e9n permite hacer mejoras. Las cookies que generalmente se utilizan se clasifican de la siguiente manera:<\/p>\n\n\n\n<ul class=\"wp-block-list\">\n<li>Estrictamente necesarias<\/li>\n\n\n\n<li>De funcionalidad<\/li>\n\n\n\n<li>De rendimiento<\/li>\n\n\n\n<li>De marketing<\/li>\n<\/ul>\n\n\n\n<p class=\"has-text-align-center\">Algunas cookies pueden cumplir m\u00e1s de uno de estos prop\u00f3sitos.<\/p>\n\n\n\n<p class=\"has-text-align-center\">Las cookies \u00abestrictamente necesarias\u00bb hacen posible que recorra el sitio web y utilice funciones esenciales, como las \u00e1reas seguras. Sin estas cookies, no podemos proporcionar los servicios solicitados.<\/p>\n\n\n\n<p class=\"has-text-align-center\">Utilizamos las cookies \u00abestrictamente necesarias\u00bb para los siguientes prop\u00f3sitos:<\/p>\n\n\n\n<ul class=\"wp-block-list\">\n<li>Para identificarle como usuario que ha iniciado sesi\u00f3n en el sitio web y autenticarle<\/li>\n\n\n\n<li>Para cerciorarnos de que se conecte al servicio adecuado del sitio web cuando hacemos cambios en su funcionamiento<\/li>\n\n\n\n<li>Por motivos de seguridad<\/li>\n<\/ul>\n\n\n\n<p class=\"has-text-align-center\">Si usted impide el uso de estas cookies, no podemos garantizar el funcionamiento del sitio web ni la seguridad durante su visita.<\/p>\n\n\n\n<p class=\"has-text-align-center\">Las cookies \u201cde funcionalidad\u201d se usan para proporcionarle servicios o para recordar sus ajustes con el fin de mejorar su visita.<\/p>\n\n\n\n<p class=\"has-text-align-center\">Por ejemplo, se usan cookies \u201cde funcionalidad\u201d para los siguientes prop\u00f3sitos:<\/p>\n\n\n\n<ul class=\"wp-block-list\">\n<li>Para recordar los ajustes que ha aplicado al dise\u00f1o del sitio web, el tama\u00f1o del texto, las preferencias y los colores<\/li>\n\n\n\n<li>Para recordar si ya le hemos invitado a rellenar una encuesta<\/li>\n\n\n\n<li>Para recordar si ya ha interactuado con un componente o una lista en particular en el sitio web, con el fin de no repetirla<\/li>\n\n\n\n<li>Para mostrarle si ha iniciado sesi\u00f3n en el sitio web<\/li>\n\n\n\n<li>Para proporcionarle y mostrarle contenido de v\u00eddeo insertado en el sitio<\/li>\n<\/ul>\n\n\n\n<p class=\"has-text-align-center\">Las cookies \u201cde rendimiento\u201d recopilan informaci\u00f3n sobre la forma en que usted usa el sitio web (por ejemplo, qu\u00e9 p\u00e1ginas visita y si ha experimentado alg\u00fan error). Estas cookies no recopilan informaci\u00f3n que permita identificarle, y solo se usan para ayudar a mejorar el funcionamiento del sitio web, comprender los intereses de los usuarios y medir la eficacia de los anuncios que puedan estar publicados en las mismas.<\/p>\n\n\n\n<p class=\"has-text-align-center\">Se Utilizan las cookies \u201cde rendimiento\u201d para los siguientes prop\u00f3sitos:<\/p>\n\n\n\n<ul class=\"wp-block-list\">\n<li>Para realizar an\u00e1lisis del sitio: proporcionar estad\u00edsticas sobre c\u00f3mo se utiliza el sitio web<\/li>\n\n\n\n<li>Para el seguimiento de afiliados: informar a las entidades afiliadas que un visitante tambi\u00e9n ha visitado su sitio web<\/li>\n\n\n\n<li>Para obtener datos sobre la cantidad de usuarios del sitio web que han visto un producto o servicio<\/li>\n\n\n\n<li>Para medir los errores que ocurren en el sitio web, con el fin de mejorarlo<\/li>\n\n\n\n<li>Para probar distintos dise\u00f1os del sitio web<\/li>\n<\/ul>\n\n\n\n<p class=\"has-text-align-center\">Algunas de las cookies de rendimiento est\u00e1n bajo la gesti\u00f3n de terceros.<\/p>\n\n\n\n<p class=\"has-text-align-center\">Las cookies \u201cde marketing\u201d se utilizan para hacer un seguimiento de su visita a los diferentes sitios web que visita, aplicaciones y servicios en l\u00ednea, as\u00ed como los enlaces que ha seguido. Esto permite mostrar anuncios tanto personalizados como no personalizados en los sitios web.<\/p>\n\n\n\n<p class=\"has-text-align-center\">\u00bfCu\u00e1ndo se solicita su consentimiento?<\/p>\n\n\n\n<p class=\"has-text-align-center\">Las cookies que son esenciales para un servicio en l\u00ednea, por ejemplo, las cookies estrictamente necesarias para la seguridad o las cookies funcionales que permiten que el sitio web recuerde el contenido, no requieren su consentimiento.<\/p>\n\n\n\n<p class=\"has-text-align-center\">En cambio, se tiene que solicitar su consentimiento antes de colocar en su dispositivo las cookies no esenciales (por ejemplo, cookies anal\u00edticas). Puede dar su consentimiento haciendo clic en el bot\u00f3n \u00abPermitir todas las cookies\u00bb en el banner que les debe aparecer en la pantalla, nada m\u00e1s inicien la sesi\u00f3n.<\/p>\n\n\n\n<p class=\"has-text-align-center\">Si en alg\u00fan momento decide denegar o retirar su consentimiento para las cookies de rendimiento, de funcionalidad o de marketing, debe tener la opci\u00f3n de hacer clic en el bot\u00f3n de gesti\u00f3n de cookies. Tambi\u00e9n puede borrar y bloquear o inhabilitar las cookies mediante los ajustes de su navegador.<\/p>\n\n\n\n<p class=\"has-text-align-center\">Esto se explica en m\u00e1s detalle a continuaci\u00f3n. Tenga en cuenta que, si inhabilita estas cookies, la funcionalidad del sitio web se ver\u00e1 afectada, y es posible que no determinadas funciones se vuelvan inaccesibles.<\/p>\n\n\n\n<p class=\"has-text-align-center\">C\u00f3mo borrar y bloquear las cookies<\/p>\n\n\n\n<p class=\"has-text-align-center\">La mayor\u00eda de los navegadores de Internet tienen ajustes que le permiten ejercer determinado control sobre la mayor\u00eda de las cookies. Sin embargo, si usa los ajustes de su navegador para bloquear todas las cookies (incluidas las que son estrictamente necesarias), es posible que pierda acceso a nuestro sitio web, ya sea total o parcialmente. A menos que haya modificado los ajustes de su navegador para que este rechace las cookies, los sistemas de las webs le enviar\u00e1n cookies en cuanto inicie su visita a una de ellas.<\/p>\n\n\n\n<p class=\"has-text-align-center\">C\u00f3mo cambiar sus ajustes de cookies<\/p>\n\n\n\n<ul class=\"wp-block-list\">\n<li><a href=\"https:\/\/support.microsoft.com\/en-us\/windows\/manage-cookies-in-microsoft-edge-view-allow-block-delete-and-use-168dab11-0753-043d-7c16-ede5947fc64d\" target=\"_blank\" rel=\"noreferrer noopener\">Ajustes de cookies en Internet Explorer<\/a><\/li>\n\n\n\n<li><a href=\"https:\/\/support.mozilla.org\/en-US\/kb\/cookies-information-websites-store-on-your-computer\" target=\"_blank\" rel=\"noreferrer noopener\">Ajustes de cookies en Firefox<\/a><\/li>\n\n\n\n<li><a href=\"https:\/\/support.google.com\/chrome\/answer\/95647?co=GENIE.Platform%3DDesktop\" target=\"_blank\" rel=\"noreferrer noopener\">Ajustes de cookies en Chrome<\/a><\/li>\n\n\n\n<li><a href=\"https:\/\/support.apple.com\/en-gb\/guide\/safari\/sfri11471\/mac\" target=\"_blank\" rel=\"noreferrer noopener\">Ajustes de cookies en Safari<\/a><\/li>\n<\/ul>\n\n\n\n<p class=\"has-text-align-center\">Para obtener m\u00e1s informaci\u00f3n sobre las cookies, incluido c\u00f3mo ver qu\u00e9 cookies se han establecido, manejarlas y borrarlas, visite aboutcookies.org o allaboutcookies.org.<\/p>\n\n\n\n<p class=\"has-text-align-center\">An\u00e1lisis del sitio web<\/p>\n\n\n\n<p class=\"has-text-align-center\">Necesitamos informaci\u00f3n estad\u00edstica acerca del uso de nuestros sitios web con el fin de darles un dise\u00f1o f\u00e1cil de usar, y tambi\u00e9n para mejorar nuestros servicios. Por este motivo, utilizamos la herramienta de an\u00e1lisis web que se describe en esta secci\u00f3n. Los perfiles de uso que crea esta herramienta con cookies o mediante la evaluaci\u00f3n de los archivos de registro del servidor, no se combinan con datos personales.<\/p>\n\n\n\n<p class=\"has-text-align-center\">Informar que los diferentes navegadores utilizan diferentes cookies, el listado que les presentamos es el total de cookies que hemos encontrado en los navegadores: Google Chrome, Edge, Firefox y Brave, que son los de uso m\u00e1s frecuente. No nos podemos hacer responsables de otras cookies en el caso de que utilicen un navegador diferente.<\/p>\n\n\n\n<p class=\"has-text-align-center\">Google Analytics<\/p>\n\n\n\n<p class=\"has-text-align-center\">Google Analytics es un servicio de an\u00e1lisis web proporcionado por Google, Inc. (\u201cGoogle\u201d). Google utiliza cookies para ayudarnos a analizar la forma en que los usuarios utilizan el sitio web. La informaci\u00f3n generada por la cookie sobre su uso del sitio web (incluida su direcci\u00f3n IP) se transmitir\u00e1 a Google, quien la almacenar\u00e1 en sus servidores en Estados Unidos. En caso de que se active la anonimizaci\u00f3n de IP, Google truncar\u00e1 o anonimizar\u00e1 el \u00faltimo octeto de la direcci\u00f3n IP de los Estados miembro de la Uni\u00f3n Europea y de otras partes del Acuerdo sobre el Espacio Econ\u00f3mico Europeo. Solo en casos excepcionales, la direcci\u00f3n IP completa se env\u00eda a los servidores de Google en EE. UU., donde se la abrevia. En nombre del sitio web, Google utiliza esta informaci\u00f3n con el fin de evaluar su uso del sitio web y crear informes sobre su actividad para nosotros y terceros que nos ayudan a operar y proporcionar servicios relacionados con el sitio web. Google no asociar\u00e1 su direcci\u00f3n IP con ning\u00fan otro dato en poder de Google. Si usted desea negarse al uso de estas cookies, puede seleccionar los ajustes apropiados en su navegador, tal como se menciona en esta pol\u00edtica. Sin embargo, tenga en cuenta que eso podr\u00eda impedirle usar plenamente las funciones del sitio web. Tambi\u00e9n puede impedir que Google recopile y utilice datos (las cookies y la direcci\u00f3n IP) si descarga e instala el complemento para navegador disponible en https:\/\/tools.google.com\/dlpage\/gaoptout?hl=en-GB.<\/p>\n\n\n\n<p class=\"has-text-align-center\">Para obtener m\u00e1s informaci\u00f3n sobre las condiciones de uso y la privacidad de los datos, visite http:\/\/www.google.com\/analytics\/terms\/gb.html o https:\/\/policies.google.com\/?hl=en&amp;gl=uk<\/p>\n\n\n\n<p class=\"has-text-align-center\">Lista de cookies no esenciales que utilizamos:<\/p>\n\n\n\n<ul class=\"wp-block-list\">\n<li><strong>PHPSESSID.\u00a0<\/strong>Cookie propia. Esta cookie es nativa de PHP y permite a la web guardar datos serializados de estado. En esta web se usa para establecer sesiones de usuario pasando datos de estado a trav\u00e9s de una cookie temporal tambi\u00e9n conocida como Cookie de sesi\u00f3n. No tiene caducidad establecida ya que desaparece cuando se cierra la web.<\/li>\n\n\n\n<li><strong>_ga.<\/strong>\u00a0ANAL\u00cdTICA. ID utiliza para identificar a los usuarios. GOOGLE. 2 meses<\/li>\n\n\n\n<li><strong>_ga_*.<\/strong>\u00a0Esta cookie de Google Analytics es de an\u00e1lisis y sirve para medir y contar p\u00e1ginas vistas. 1 a\u00f1o<\/li>\n\n\n\n<li><strong>_gcl_au.<\/strong>\u00a0Marketing. Google Adsense. Persistente. Este per\u00edodo muestra la duraci\u00f3n del per\u00edodo durante el cual un servicio puede almacenar y\/o leer ciertos datos de su computadora mediante el uso de una cookie, un p\u00edxel, una API, seguimiento sin cookies u otros recursos.<\/li>\n\n\n\n<li><strong>_gid.<\/strong>\u00a0ANAL\u00cdTICA: registra una identificaci\u00f3n \u00fanica que se usa para generar datos estad\u00edsticos sobre c\u00f3mo el visitante usa el sitio web. Se utiliza para enviar datos a GOOGLE ANALYTICS sobre el dispositivo y el comportamiento del visitante. Esta cookie caduca despu\u00e9s de 1 d\u00eda<\/li>\n\n\n\n<li><strong>IDE.<\/strong>\u00a0Marketing. Google DoubleClick. Caduca en 2 a\u00f1os. Este per\u00edodo muestra la duraci\u00f3n del per\u00edodo durante el cual un servicio puede almacenar y\/o leer ciertos datos de su computadora mediante el uso de una cookie, un p\u00edxel, una API, seguimiento sin cookies u otros recursos.<\/li>\n\n\n\n<li><strong>ar_debug<\/strong>\u00a0MARQUETING Y PUBLICIDAD. Se utiliza para registrar y ver claves de informes de atribuci\u00f3n en el navegador con fines de depuraci\u00f3n. Permite a los desarrolladores probar y verificar su l\u00f3gica de atribuci\u00f3n con la API de informes de atribuci\u00f3n. Dura s\u00f3lo la sesi\u00f3n.<\/li>\n<\/ul>\n\n\n\n<p class=\"has-text-align-center\"><em>\u00daltima revisi\u00f3n realizada el 09 de enero de 2025<\/em><\/p>\n\n\n\n<p><\/p>\n","protected":false},"excerpt":{"rendered":"<p>Pol\u00edtica de cookies Global Adventure Team hace todo lo posible por proteger la privacidad y seguridad de los datos que<\/p>\n","protected":false},"author":1,"featured_media":0,"parent":0,"menu_order":0,"comment_status":"closed","ping_status":"closed","template":"","meta":{"site-sidebar-layout":"default","site-content-layout":"","ast-site-content-layout":"default","site-content-style":"default","site-sidebar-style":"default","ast-global-header-display":"","ast-banner-title-visibility":"","ast-main-header-display":"","ast-hfb-above-header-display":"","ast-hfb-below-header-display":"","ast-hfb-mobile-header-display":"","site-post-title":"disabled","ast-breadcrumbs-content":"","ast-featured-img":"","footer-sml-layout":"","ast-disable-related-posts":"","theme-transparent-header-meta":"","adv-header-id-meta":"","stick-header-meta":"","header-above-stick-meta":"","header-main-stick-meta":"","header-below-stick-meta":"","astra-migrate-meta-layouts":"default","ast-page-background-enabled":"default","ast-page-background-meta":{"desktop":{"background-color":"var(--ast-global-color-5)","background-image":"","background-repeat":"repeat","background-position":"center center","background-size":"auto","background-attachment":"scroll","background-type":"","background-media":"","overlay-type":"","overlay-color":"","overlay-opacity":"","overlay-gradient":""},"tablet":{"background-color":"","background-image":"","background-repeat":"repeat","background-position":"center center","background-size":"auto","background-attachment":"scroll","background-type":"","background-media":"","overlay-type":"","overlay-color":"","overlay-opacity":"","overlay-gradient":""},"mobile":{"background-color":"","background-image":"","background-repeat":"repeat","background-position":"center center","background-size":"auto","background-attachment":"scroll","background-type":"","background-media":"","overlay-type":"","overlay-color":"","overlay-opacity":"","overlay-gradient":""}},"ast-content-background-meta":{"desktop":{"background-color":"var(--ast-global-color-4)","background-image":"","background-repeat":"repeat","background-position":"center center","background-size":"auto","background-attachment":"scroll","background-type":"","background-media":"","overlay-type":"","overlay-color":"","overlay-opacity":"","overlay-gradient":""},"tablet":{"background-color":"var(--ast-global-color-4)","background-image":"","background-repeat":"repeat","background-position":"center center","background-size":"auto","background-attachment":"scroll","background-type":"","background-media":"","overlay-type":"","overlay-color":"","overlay-opacity":"","overlay-gradient":""},"mobile":{"background-color":"var(--ast-global-color-4)","background-image":"","background-repeat":"repeat","background-position":"center center","background-size":"auto","background-attachment":"scroll","background-type":"","background-media":"","overlay-type":"","overlay-color":"","overlay-opacity":"","overlay-gradient":""}},"footnotes":""},"class_list":["post-143","page","type-page","status-publish","hentry"],"yoast_head":"<!-- This site is optimized with the Yoast SEO Premium plugin v25.4 (Yoast SEO v27.2) - https:\/\/yoast.com\/product\/yoast-seo-premium-wordpress\/ -->\n<title>Pol\u00edtica de cookies -<\/title>\n<meta name=\"description\" content=\"Pol\u00edtica de cookies -\" \/>\n<meta name=\"robots\" content=\"noindex, follow, max-snippet:-1, max-image-preview:large, max-video-preview:-1\" \/>\n<meta property=\"og:locale\" content=\"es_ES\" \/>\n<meta property=\"og:type\" content=\"article\" \/>\n<meta property=\"og:title\" content=\"Pol\u00edtica de cookies\" \/>\n<meta property=\"og:description\" content=\"Pol\u00edtica de cookies -\" \/>\n<meta property=\"og:url\" content=\"https:\/\/geographica.es\/blog-geographica\/politica-de-cookies\/\" \/>\n<meta property=\"article:publisher\" content=\"https:\/\/www.facebook.com\/geographica.es\/?locale=es_ES\" \/>\n<meta property=\"article:modified_time\" content=\"2025-07-24T16:53:12+00:00\" \/>\n<meta property=\"og:image\" content=\"https:\/\/geographica.es\/blog-geographica\/wp-content\/uploads\/2025\/07\/geographica.png\" \/>\n\t<meta property=\"og:image:width\" content=\"128\" \/>\n\t<meta property=\"og:image:height\" content=\"63\" \/>\n\t<meta property=\"og:image:type\" content=\"image\/png\" \/>\n<meta name=\"twitter:card\" content=\"summary_large_image\" \/>\n<meta name=\"twitter:label1\" content=\"Tiempo de lectura\" \/>\n\t<meta name=\"twitter:data1\" content=\"9 minutos\" \/>\n<script type=\"application\/ld+json\" class=\"yoast-schema-graph\">{\"@context\":\"https:\/\/schema.org\",\"@graph\":[{\"@type\":\"WebPage\",\"@id\":\"https:\/\/geographica.es\/blog-geographica\/politica-de-cookies\/\",\"url\":\"https:\/\/geographica.es\/blog-geographica\/politica-de-cookies\/\",\"name\":\"Pol\u00edtica de cookies -\",\"isPartOf\":{\"@id\":\"https:\/\/geographica.es\/blog-geographica\/#website\"},\"datePublished\":\"2025-07-24T16:53:10+00:00\",\"dateModified\":\"2025-07-24T16:53:12+00:00\",\"description\":\"Pol\u00edtica de cookies -\",\"breadcrumb\":{\"@id\":\"https:\/\/geographica.es\/blog-geographica\/politica-de-cookies\/#breadcrumb\"},\"inLanguage\":\"es\",\"potentialAction\":[{\"@type\":\"ReadAction\",\"target\":[\"https:\/\/geographica.es\/blog-geographica\/politica-de-cookies\/\"]}]},{\"@type\":\"BreadcrumbList\",\"@id\":\"https:\/\/geographica.es\/blog-geographica\/politica-de-cookies\/#breadcrumb\",\"itemListElement\":[{\"@type\":\"ListItem\",\"position\":1,\"name\":\"Home\",\"item\":\"https:\/\/geographica.es\/blog-geographica\/\"},{\"@type\":\"ListItem\",\"position\":2,\"name\":\"Pol\u00edtica de cookies\"}]},{\"@type\":\"WebSite\",\"@id\":\"https:\/\/geographica.es\/blog-geographica\/#website\",\"url\":\"https:\/\/geographica.es\/blog-geographica\/\",\"name\":\"Blog Geographica\",\"description\":\"Blog\",\"publisher\":{\"@id\":\"https:\/\/geographica.es\/blog-geographica\/#organization\"},\"potentialAction\":[{\"@type\":\"SearchAction\",\"target\":{\"@type\":\"EntryPoint\",\"urlTemplate\":\"https:\/\/geographica.es\/blog-geographica\/?s={search_term_string}\"},\"query-input\":{\"@type\":\"PropertyValueSpecification\",\"valueRequired\":true,\"valueName\":\"search_term_string\"}}],\"inLanguage\":\"es\"},{\"@type\":\"Organization\",\"@id\":\"https:\/\/geographica.es\/blog-geographica\/#organization\",\"name\":\"Global Adventure Team\",\"url\":\"https:\/\/geographica.es\/blog-geographica\/\",\"logo\":{\"@type\":\"ImageObject\",\"inLanguage\":\"es\",\"@id\":\"https:\/\/geographica.es\/blog-geographica\/#\/schema\/logo\/image\/\",\"url\":\"https:\/\/geographica.es\/blog-geographica\/wp-content\/uploads\/2025\/07\/geographica.png\",\"contentUrl\":\"https:\/\/geographica.es\/blog-geographica\/wp-content\/uploads\/2025\/07\/geographica.png\",\"width\":128,\"height\":63,\"caption\":\"Global Adventure Team\"},\"image\":{\"@id\":\"https:\/\/geographica.es\/blog-geographica\/#\/schema\/logo\/image\/\"},\"sameAs\":[\"https:\/\/www.facebook.com\/geographica.es\/?locale=es_ES\"]}]}<\/script>\n<!-- \/ Yoast SEO Premium plugin. -->","yoast_head_json":{"title":"Pol\u00edtica de cookies -","description":"Pol\u00edtica de cookies -","robots":{"index":"noindex","follow":"follow","max-snippet":"max-snippet:-1","max-image-preview":"max-image-preview:large","max-video-preview":"max-video-preview:-1"},"og_locale":"es_ES","og_type":"article","og_title":"Pol\u00edtica de cookies","og_description":"Pol\u00edtica de cookies -","og_url":"https:\/\/geographica.es\/blog-geographica\/politica-de-cookies\/","article_publisher":"https:\/\/www.facebook.com\/geographica.es\/?locale=es_ES","article_modified_time":"2025-07-24T16:53:12+00:00","og_image":[{"width":128,"height":63,"url":"https:\/\/geographica.es\/blog-geographica\/wp-content\/uploads\/2025\/07\/geographica.png","type":"image\/png"}],"twitter_card":"summary_large_image","twitter_misc":{"Tiempo de lectura":"9 minutos"},"schema":{"@context":"https:\/\/schema.org","@graph":[{"@type":"WebPage","@id":"https:\/\/geographica.es\/blog-geographica\/politica-de-cookies\/","url":"https:\/\/geographica.es\/blog-geographica\/politica-de-cookies\/","name":"Pol\u00edtica de cookies -","isPartOf":{"@id":"https:\/\/geographica.es\/blog-geographica\/#website"},"datePublished":"2025-07-24T16:53:10+00:00","dateModified":"2025-07-24T16:53:12+00:00","description":"Pol\u00edtica de cookies -","breadcrumb":{"@id":"https:\/\/geographica.es\/blog-geographica\/politica-de-cookies\/#breadcrumb"},"inLanguage":"es","potentialAction":[{"@type":"ReadAction","target":["https:\/\/geographica.es\/blog-geographica\/politica-de-cookies\/"]}]},{"@type":"BreadcrumbList","@id":"https:\/\/geographica.es\/blog-geographica\/politica-de-cookies\/#breadcrumb","itemListElement":[{"@type":"ListItem","position":1,"name":"Home","item":"https:\/\/geographica.es\/blog-geographica\/"},{"@type":"ListItem","position":2,"name":"Pol\u00edtica de cookies"}]},{"@type":"WebSite","@id":"https:\/\/geographica.es\/blog-geographica\/#website","url":"https:\/\/geographica.es\/blog-geographica\/","name":"Blog Geographica","description":"Blog","publisher":{"@id":"https:\/\/geographica.es\/blog-geographica\/#organization"},"potentialAction":[{"@type":"SearchAction","target":{"@type":"EntryPoint","urlTemplate":"https:\/\/geographica.es\/blog-geographica\/?s={search_term_string}"},"query-input":{"@type":"PropertyValueSpecification","valueRequired":true,"valueName":"search_term_string"}}],"inLanguage":"es"},{"@type":"Organization","@id":"https:\/\/geographica.es\/blog-geographica\/#organization","name":"Global Adventure Team","url":"https:\/\/geographica.es\/blog-geographica\/","logo":{"@type":"ImageObject","inLanguage":"es","@id":"https:\/\/geographica.es\/blog-geographica\/#\/schema\/logo\/image\/","url":"https:\/\/geographica.es\/blog-geographica\/wp-content\/uploads\/2025\/07\/geographica.png","contentUrl":"https:\/\/geographica.es\/blog-geographica\/wp-content\/uploads\/2025\/07\/geographica.png","width":128,"height":63,"caption":"Global Adventure Team"},"image":{"@id":"https:\/\/geographica.es\/blog-geographica\/#\/schema\/logo\/image\/"},"sameAs":["https:\/\/www.facebook.com\/geographica.es\/?locale=es_ES"]}]}},"_links":{"self":[{"href":"https:\/\/geographica.es\/blog-geographica\/wp-json\/wp\/v2\/pages\/143","targetHints":{"allow":["GET"]}}],"collection":[{"href":"https:\/\/geographica.es\/blog-geographica\/wp-json\/wp\/v2\/pages"}],"about":[{"href":"https:\/\/geographica.es\/blog-geographica\/wp-json\/wp\/v2\/types\/page"}],"author":[{"embeddable":true,"href":"https:\/\/geographica.es\/blog-geographica\/wp-json\/wp\/v2\/users\/1"}],"replies":[{"embeddable":true,"href":"https:\/\/geographica.es\/blog-geographica\/wp-json\/wp\/v2\/comments?post=143"}],"version-history":[{"count":1,"href":"https:\/\/geographica.es\/blog-geographica\/wp-json\/wp\/v2\/pages\/143\/revisions"}],"predecessor-version":[{"id":144,"href":"https:\/\/geographica.es\/blog-geographica\/wp-json\/wp\/v2\/pages\/143\/revisions\/144"}],"wp:attachment":[{"href":"https:\/\/geographica.es\/blog-geographica\/wp-json\/wp\/v2\/media?parent=143"}],"curies":[{"name":"wp","href":"https:\/\/api.w.org\/{rel}","templated":true}]}}