{"id":141,"date":"2025-07-24T18:48:35","date_gmt":"2025-07-24T16:48:35","guid":{"rendered":"https:\/\/geographica.es\/blog-geographica\/?page_id=141"},"modified":"2025-07-24T18:48:37","modified_gmt":"2025-07-24T16:48:37","slug":"aviso-legal","status":"publish","type":"page","link":"https:\/\/geographica.es\/blog-geographica\/aviso-legal\/","title":{"rendered":"Aviso legal"},"content":{"rendered":"\n<div style=\"height:100px\" aria-hidden=\"true\" class=\"wp-block-spacer\"><\/div>\n\n\n\n<h2 class=\"wp-block-heading has-text-align-center\" id=\"h-aviso-legal\">Aviso legal<br><\/h2>\n\n\n\n<p class=\"has-text-align-center\">Las condiciones que se establecen en este Aviso Legal son de aplicaci\u00f3n supletoria en el caso de que la empresa estableciera condiciones particulares para el uso y\/o contrataci\u00f3n de servicios espec\u00edficos.<\/p>\n\n\n\n<p class=\"has-text-align-center\"><strong>1.- USUARIOS<\/strong><\/p>\n\n\n\n<p class=\"has-text-align-center\">El acceso y\/o uso al Sitio Web le atribuye la condici\u00f3n de Usuario, y acepta, desde dicho acceso y\/o uso, el presente Aviso Legal.<\/p>\n\n\n\n<p class=\"has-text-align-center\"><strong>2.- USO DEL SITIO WEB<\/strong><\/p>\n\n\n\n<p class=\"has-text-align-center\">El Sitio Web puede llegar a proporcionar acceso a multitud de textos, gr\u00e1ficos, dibujos, dise\u00f1os, c\u00f3digos, software, fotograf\u00edas, m\u00fasica, v\u00eddeos, sonidos, bases de datos, im\u00e1genes, expresiones e informaciones (en adelante, \u00abContenidos\u00bb) pertenecientes a la empresa o a terceros a los que el Usuario puede tener acceso. El Usuario asume la responsabilidad del uso del Sitio Web.<\/p>\n\n\n\n<p class=\"has-text-align-center\">El Usuario se compromete a hacer un uso adecuado de los Contenidos y servicios ofrecidos a trav\u00e9s del Sitio Web y con car\u00e1cter enunciativo, pero no limitativo, a no emplearlos para:<\/p>\n\n\n\n<ol class=\"wp-block-list\">\n<li>incurrir en actividades il\u00edcitas, ilegales o contrarias a la buena fe y al orden p\u00fablico;<\/li>\n\n\n\n<li>provocar da\u00f1os en los sistemas f\u00edsicos y l\u00f3gicos del titular del Sitio Web, de sus proveedores o de terceras personas;<\/li>\n\n\n\n<li>introducir o difundir en la red virus inform\u00e1ticos o cualesquiera otros sistemas f\u00edsicos o l\u00f3gicos que sean susceptibles de provocar los da\u00f1os anteriormente mencionados.<\/li>\n<\/ol>\n\n\n\n<p class=\"has-text-align-center\"><strong>3.- PROPIEDAD INTELECTUAL<\/strong><\/p>\n\n\n\n<p class=\"has-text-align-center\">Todos los derechos de propiedad intelectual del contenido de este sitio Web y su dise\u00f1o gr\u00e1fico, son propiedad exclusiva de Global Adventure Team SL con CIF B75506287 y direcci\u00f3n a estos efectos en Calle de Miguel Yuste 3, 3oE, 28037 Madrid, tel\u00e9fono 915358425 y direcci\u00f3n electr\u00f3nica informacion@geographica.es o de sus marcas asociadas, entre ellas GEOGRAPHICA\u00ae con registro ante la OEPM M2470191 y es a quien le corresponde el ejercicio exclusivo de los derechos de explotaci\u00f3n de los mismos.<\/p>\n\n\n\n<p class=\"has-text-align-center\">Por ello y en virtud de lo dispuesto en el Real Decreto Legislativo 1\/1996, de 12 de Abril, por el que se aprueba el Texto Refundido de la Ley de Propiedad Intelectual, as\u00ed como en la Ley 17\/2001, de 7 de diciembre y su reglamento, Real Decreto 306\/2019, de 26 de abril, de Marcas y la legislaci\u00f3n complementaria en materia de propiedad intelectual e industrial, queda prohibida la reproducci\u00f3n, transmisi\u00f3n, adaptaci\u00f3n, traducci\u00f3n, distribuci\u00f3n, comunicaci\u00f3n p\u00fablica, incluida su modalidad de puesta a disposici\u00f3n, o cualquier otra explotaci\u00f3n y\/o modificaci\u00f3n, total o parcial, sin previa autorizaci\u00f3n expresa de Global Adventure Team, de cualquier contenido incluido en el sitio Web.<\/p>\n\n\n\n<p class=\"has-text-align-center\">Global Adventure Team no concede ninguna licencia o autorizaci\u00f3n de uso de ninguna clase sobre sus derechos de propiedad intelectual e industrial o sobre cualquier otra propiedad o derecho relacionado con el sitio Web, los servicios o los contenidos del mismo.<\/p>\n\n\n\n<p class=\"has-text-align-center\">La legitimidad de los derechos de propiedad intelectual o industrial correspondientes a los contenidos aportados por los usuarios es responsabilidad exclusiva de los mismos, por lo que el usuario mantendr\u00e1 indemne a Global Adventure Team de cualquier reclamaci\u00f3n de terceros derivada de la utilizaci\u00f3n il\u00edcita de contenidos en el sitio Web.<\/p>\n\n\n\n<p class=\"has-text-align-center\"><strong>4.- RESPONSABILIDAD Y GARANT\u00cdAS<\/strong><\/p>\n\n\n\n<p class=\"has-text-align-center\">Global Adventure Team declara que ha adoptado las medidas necesarias que, dentro de sus posibilidades y el estado de la tecnolog\u00eda, permitan el correcto funcionamiento de su sitio Web, as\u00ed como la ausencia de virus y componentes da\u00f1inos. Sin embargo, no puede hacerse responsable de:<\/p>\n\n\n\n<ol class=\"wp-block-list\">\n<li>la continuidad y disponibilidad de los contenidos y servicios;<\/li>\n\n\n\n<li>la ausencia de virus y\/o dem\u00e1s componentes da\u00f1inos;<\/li>\n\n\n\n<li>los da\u00f1os o perjuicios que cause cualquier persona que vulnere los sistemas de seguridad del presente sitio web.<\/li>\n<\/ol>\n\n\n\n<p class=\"has-text-align-center\">Global Adventure Team podr\u00e1 suspender temporalmente y sin previo aviso, la accesibilidad al sitio Web con motivo de operaciones de mantenimiento, reparaci\u00f3n, actualizaci\u00f3n o mejora. No obstante, siempre que las circunstancias lo permitan, comunicar\u00e1 al usuario, con antelaci\u00f3n suficiente, la fecha prevista para la suspensi\u00f3n de los servicios.<\/p>\n\n\n\n<p class=\"has-text-align-center\">Global Adventure Team no asume ninguna responsabilidad sobre los enlaces a otras p\u00e1ginas web que se encuentren en el sitio Web, pudiendo llevar al Usuario a otros sitios web sobre los que no tiene ning\u00fan tipo de control, por lo que el Usuario accede bajo su exclusiva responsabilidad al contenido y en las condiciones de uso que rijan en los mismos.<\/p>\n\n\n\n<p class=\"has-text-align-center\">Global Adventure Team no se responsabiliza del uso que los usuarios puedan hacer de los Contenidos y servicios incluidos en el sitio Web. En consecuencia, no garantiza que el uso que los usuarios puedan hacer de los contenidos y servicios que en su caso se incluyan en el sitio Web, se ajusten al presente Aviso Legal, ni que lo hagan de forma diligente.<\/p>\n\n\n\n<p class=\"has-text-align-center\"><strong>5.- DURACI\u00d3N Y MODIFICACI\u00d3N<\/strong><\/p>\n\n\n\n<p class=\"has-text-align-center\">Las condiciones del presente Aviso Legal estar\u00e1n vigentes hasta que sean modificadas, pudi\u00e9ndose efectuar estos cambios que ser\u00e1n comunicados al Usuario.<\/p>\n\n\n\n<p class=\"has-text-align-center\">El acceso y\/o el uso del sitio Web se entender\u00e1n como una aceptaci\u00f3n por parte del usuario de las condiciones del presente Aviso Legal y, en su caso, los cambios efectuados en las mismas.<\/p>\n\n\n\n<p class=\"has-text-align-center\"><em>\u00daltima revisi\u00f3n realizada el 08 de enero de 2025<\/em><\/p>\n\n\n\n<p><\/p>\n","protected":false},"excerpt":{"rendered":"<p>Aviso legal Las condiciones que se establecen en este Aviso Legal son de aplicaci\u00f3n supletoria en el caso de que<\/p>\n","protected":false},"author":1,"featured_media":0,"parent":0,"menu_order":0,"comment_status":"closed","ping_status":"closed","template":"","meta":{"site-sidebar-layout":"default","site-content-layout":"","ast-site-content-layout":"default","site-content-style":"default","site-sidebar-style":"default","ast-global-header-display":"","ast-banner-title-visibility":"","ast-main-header-display":"","ast-hfb-above-header-display":"","ast-hfb-below-header-display":"","ast-hfb-mobile-header-display":"","site-post-title":"disabled","ast-breadcrumbs-content":"","ast-featured-img":"","footer-sml-layout":"","ast-disable-related-posts":"","theme-transparent-header-meta":"","adv-header-id-meta":"","stick-header-meta":"","header-above-stick-meta":"","header-main-stick-meta":"","header-below-stick-meta":"","astra-migrate-meta-layouts":"default","ast-page-background-enabled":"default","ast-page-background-meta":{"desktop":{"background-color":"var(--ast-global-color-5)","background-image":"","background-repeat":"repeat","background-position":"center center","background-size":"auto","background-attachment":"scroll","background-type":"","background-media":"","overlay-type":"","overlay-color":"","overlay-opacity":"","overlay-gradient":""},"tablet":{"background-color":"","background-image":"","background-repeat":"repeat","background-position":"center center","background-size":"auto","background-attachment":"scroll","background-type":"","background-media":"","overlay-type":"","overlay-color":"","overlay-opacity":"","overlay-gradient":""},"mobile":{"background-color":"","background-image":"","background-repeat":"repeat","background-position":"center center","background-size":"auto","background-attachment":"scroll","background-type":"","background-media":"","overlay-type":"","overlay-color":"","overlay-opacity":"","overlay-gradient":""}},"ast-content-background-meta":{"desktop":{"background-color":"var(--ast-global-color-4)","background-image":"","background-repeat":"repeat","background-position":"center center","background-size":"auto","background-attachment":"scroll","background-type":"","background-media":"","overlay-type":"","overlay-color":"","overlay-opacity":"","overlay-gradient":""},"tablet":{"background-color":"var(--ast-global-color-4)","background-image":"","background-repeat":"repeat","background-position":"center center","background-size":"auto","background-attachment":"scroll","background-type":"","background-media":"","overlay-type":"","overlay-color":"","overlay-opacity":"","overlay-gradient":""},"mobile":{"background-color":"var(--ast-global-color-4)","background-image":"","background-repeat":"repeat","background-position":"center center","background-size":"auto","background-attachment":"scroll","background-type":"","background-media":"","overlay-type":"","overlay-color":"","overlay-opacity":"","overlay-gradient":""}},"footnotes":""},"class_list":["post-141","page","type-page","status-publish","hentry"],"yoast_head":"<!-- This site is optimized with the Yoast SEO Premium plugin v25.4 (Yoast SEO v27.2) - https:\/\/yoast.com\/product\/yoast-seo-premium-wordpress\/ -->\n<title>Aviso legal -<\/title>\n<meta name=\"description\" content=\"Aviso legal -\" \/>\n<meta name=\"robots\" content=\"noindex, follow, max-snippet:-1, max-image-preview:large, max-video-preview:-1\" \/>\n<meta property=\"og:locale\" content=\"es_ES\" \/>\n<meta property=\"og:type\" content=\"article\" \/>\n<meta property=\"og:title\" content=\"Aviso legal\" \/>\n<meta property=\"og:description\" content=\"Aviso legal -\" \/>\n<meta property=\"og:url\" content=\"https:\/\/geographica.es\/blog-geographica\/aviso-legal\/\" \/>\n<meta property=\"article:publisher\" content=\"https:\/\/www.facebook.com\/geographica.es\/?locale=es_ES\" \/>\n<meta property=\"article:modified_time\" content=\"2025-07-24T16:48:37+00:00\" \/>\n<meta property=\"og:image\" content=\"https:\/\/geographica.es\/blog-geographica\/wp-content\/uploads\/2025\/07\/geographica.png\" \/>\n\t<meta property=\"og:image:width\" content=\"128\" \/>\n\t<meta property=\"og:image:height\" content=\"63\" \/>\n\t<meta property=\"og:image:type\" content=\"image\/png\" \/>\n<meta name=\"twitter:card\" content=\"summary_large_image\" \/>\n<meta name=\"twitter:label1\" content=\"Tiempo de lectura\" \/>\n\t<meta name=\"twitter:data1\" content=\"4 minutos\" \/>\n<script type=\"application\/ld+json\" class=\"yoast-schema-graph\">{\"@context\":\"https:\/\/schema.org\",\"@graph\":[{\"@type\":\"WebPage\",\"@id\":\"https:\/\/geographica.es\/blog-geographica\/aviso-legal\/\",\"url\":\"https:\/\/geographica.es\/blog-geographica\/aviso-legal\/\",\"name\":\"Aviso legal -\",\"isPartOf\":{\"@id\":\"https:\/\/geographica.es\/blog-geographica\/#website\"},\"datePublished\":\"2025-07-24T16:48:35+00:00\",\"dateModified\":\"2025-07-24T16:48:37+00:00\",\"description\":\"Aviso legal -\",\"breadcrumb\":{\"@id\":\"https:\/\/geographica.es\/blog-geographica\/aviso-legal\/#breadcrumb\"},\"inLanguage\":\"es\",\"potentialAction\":[{\"@type\":\"ReadAction\",\"target\":[\"https:\/\/geographica.es\/blog-geographica\/aviso-legal\/\"]}]},{\"@type\":\"BreadcrumbList\",\"@id\":\"https:\/\/geographica.es\/blog-geographica\/aviso-legal\/#breadcrumb\",\"itemListElement\":[{\"@type\":\"ListItem\",\"position\":1,\"name\":\"Home\",\"item\":\"https:\/\/geographica.es\/blog-geographica\/\"},{\"@type\":\"ListItem\",\"position\":2,\"name\":\"Aviso legal\"}]},{\"@type\":\"WebSite\",\"@id\":\"https:\/\/geographica.es\/blog-geographica\/#website\",\"url\":\"https:\/\/geographica.es\/blog-geographica\/\",\"name\":\"Blog Geographica\",\"description\":\"Blog\",\"publisher\":{\"@id\":\"https:\/\/geographica.es\/blog-geographica\/#organization\"},\"potentialAction\":[{\"@type\":\"SearchAction\",\"target\":{\"@type\":\"EntryPoint\",\"urlTemplate\":\"https:\/\/geographica.es\/blog-geographica\/?s={search_term_string}\"},\"query-input\":{\"@type\":\"PropertyValueSpecification\",\"valueRequired\":true,\"valueName\":\"search_term_string\"}}],\"inLanguage\":\"es\"},{\"@type\":\"Organization\",\"@id\":\"https:\/\/geographica.es\/blog-geographica\/#organization\",\"name\":\"Global Adventure Team\",\"url\":\"https:\/\/geographica.es\/blog-geographica\/\",\"logo\":{\"@type\":\"ImageObject\",\"inLanguage\":\"es\",\"@id\":\"https:\/\/geographica.es\/blog-geographica\/#\/schema\/logo\/image\/\",\"url\":\"https:\/\/geographica.es\/blog-geographica\/wp-content\/uploads\/2025\/07\/geographica.png\",\"contentUrl\":\"https:\/\/geographica.es\/blog-geographica\/wp-content\/uploads\/2025\/07\/geographica.png\",\"width\":128,\"height\":63,\"caption\":\"Global Adventure Team\"},\"image\":{\"@id\":\"https:\/\/geographica.es\/blog-geographica\/#\/schema\/logo\/image\/\"},\"sameAs\":[\"https:\/\/www.facebook.com\/geographica.es\/?locale=es_ES\"]}]}<\/script>\n<!-- \/ Yoast SEO Premium plugin. -->","yoast_head_json":{"title":"Aviso legal -","description":"Aviso legal -","robots":{"index":"noindex","follow":"follow","max-snippet":"max-snippet:-1","max-image-preview":"max-image-preview:large","max-video-preview":"max-video-preview:-1"},"og_locale":"es_ES","og_type":"article","og_title":"Aviso legal","og_description":"Aviso legal -","og_url":"https:\/\/geographica.es\/blog-geographica\/aviso-legal\/","article_publisher":"https:\/\/www.facebook.com\/geographica.es\/?locale=es_ES","article_modified_time":"2025-07-24T16:48:37+00:00","og_image":[{"width":128,"height":63,"url":"https:\/\/geographica.es\/blog-geographica\/wp-content\/uploads\/2025\/07\/geographica.png","type":"image\/png"}],"twitter_card":"summary_large_image","twitter_misc":{"Tiempo de lectura":"4 minutos"},"schema":{"@context":"https:\/\/schema.org","@graph":[{"@type":"WebPage","@id":"https:\/\/geographica.es\/blog-geographica\/aviso-legal\/","url":"https:\/\/geographica.es\/blog-geographica\/aviso-legal\/","name":"Aviso legal -","isPartOf":{"@id":"https:\/\/geographica.es\/blog-geographica\/#website"},"datePublished":"2025-07-24T16:48:35+00:00","dateModified":"2025-07-24T16:48:37+00:00","description":"Aviso legal -","breadcrumb":{"@id":"https:\/\/geographica.es\/blog-geographica\/aviso-legal\/#breadcrumb"},"inLanguage":"es","potentialAction":[{"@type":"ReadAction","target":["https:\/\/geographica.es\/blog-geographica\/aviso-legal\/"]}]},{"@type":"BreadcrumbList","@id":"https:\/\/geographica.es\/blog-geographica\/aviso-legal\/#breadcrumb","itemListElement":[{"@type":"ListItem","position":1,"name":"Home","item":"https:\/\/geographica.es\/blog-geographica\/"},{"@type":"ListItem","position":2,"name":"Aviso legal"}]},{"@type":"WebSite","@id":"https:\/\/geographica.es\/blog-geographica\/#website","url":"https:\/\/geographica.es\/blog-geographica\/","name":"Blog Geographica","description":"Blog","publisher":{"@id":"https:\/\/geographica.es\/blog-geographica\/#organization"},"potentialAction":[{"@type":"SearchAction","target":{"@type":"EntryPoint","urlTemplate":"https:\/\/geographica.es\/blog-geographica\/?s={search_term_string}"},"query-input":{"@type":"PropertyValueSpecification","valueRequired":true,"valueName":"search_term_string"}}],"inLanguage":"es"},{"@type":"Organization","@id":"https:\/\/geographica.es\/blog-geographica\/#organization","name":"Global Adventure Team","url":"https:\/\/geographica.es\/blog-geographica\/","logo":{"@type":"ImageObject","inLanguage":"es","@id":"https:\/\/geographica.es\/blog-geographica\/#\/schema\/logo\/image\/","url":"https:\/\/geographica.es\/blog-geographica\/wp-content\/uploads\/2025\/07\/geographica.png","contentUrl":"https:\/\/geographica.es\/blog-geographica\/wp-content\/uploads\/2025\/07\/geographica.png","width":128,"height":63,"caption":"Global Adventure Team"},"image":{"@id":"https:\/\/geographica.es\/blog-geographica\/#\/schema\/logo\/image\/"},"sameAs":["https:\/\/www.facebook.com\/geographica.es\/?locale=es_ES"]}]}},"_links":{"self":[{"href":"https:\/\/geographica.es\/blog-geographica\/wp-json\/wp\/v2\/pages\/141","targetHints":{"allow":["GET"]}}],"collection":[{"href":"https:\/\/geographica.es\/blog-geographica\/wp-json\/wp\/v2\/pages"}],"about":[{"href":"https:\/\/geographica.es\/blog-geographica\/wp-json\/wp\/v2\/types\/page"}],"author":[{"embeddable":true,"href":"https:\/\/geographica.es\/blog-geographica\/wp-json\/wp\/v2\/users\/1"}],"replies":[{"embeddable":true,"href":"https:\/\/geographica.es\/blog-geographica\/wp-json\/wp\/v2\/comments?post=141"}],"version-history":[{"count":1,"href":"https:\/\/geographica.es\/blog-geographica\/wp-json\/wp\/v2\/pages\/141\/revisions"}],"predecessor-version":[{"id":142,"href":"https:\/\/geographica.es\/blog-geographica\/wp-json\/wp\/v2\/pages\/141\/revisions\/142"}],"wp:attachment":[{"href":"https:\/\/geographica.es\/blog-geographica\/wp-json\/wp\/v2\/media?parent=141"}],"curies":[{"name":"wp","href":"https:\/\/api.w.org\/{rel}","templated":true}]}}