{"id":133,"date":"2025-07-24T18:29:24","date_gmt":"2025-07-24T16:29:24","guid":{"rendered":"https:\/\/geographica.es\/blog-geographica\/?page_id=133"},"modified":"2025-07-24T18:31:22","modified_gmt":"2025-07-24T16:31:22","slug":"politica-de-privacidad","status":"publish","type":"page","link":"https:\/\/geographica.es\/blog-geographica\/politica-de-privacidad\/","title":{"rendered":"Pol\u00edtica de privacidad"},"content":{"rendered":"\n<div style=\"height:100px\" aria-hidden=\"true\" class=\"wp-block-spacer\"><\/div>\n\n\n\n<h2 class=\"wp-block-heading has-text-align-center\" id=\"h-politica-de-privacidad\">Pol\u00edtica de privacidad<\/h2>\n\n\n\n<p class=\"has-text-align-center\">Esta pol\u00edtica de privacidad est\u00e1 adaptada a la legislaci\u00f3n espa\u00f1ola y europea vigente en materia de protecci\u00f3n de datos personales en internet, y se ha establecido conforme a la siguiente normativa:<\/p>\n\n\n\n<p class=\"has-text-align-center\">Reglamento (UE) 2016\/679 del Parlamento Europeo y del Consejo, de 27 de abril de 2016, relativo a la protecci\u00f3n de las personas f\u00edsicas en lo que respecta al tratamiento de datos personales y a la libre circulaci\u00f3n de estos datos (RGPD)Ley Org\u00e1nica 3\/2018, de 5 de diciembre, de Protecci\u00f3n de Datos Personales y Garant\u00eda de los Derechos Digitales (LOPDGDD)<\/p>\n\n\n\n<ul class=\"wp-block-list\"><\/ul>\n\n\n\n<p class=\"has-text-align-center\">Ley 34\/2002, de 11 de julio, de Servicios de la Sociedad de la Informaci\u00f3n y de Comercio Electr\u00f3nico (LSSI) El tratamiento de los datos personales, as\u00ed como cualquier otra informaci\u00f3n solicitada a los usuarios para la gesti\u00f3n y tramitaci\u00f3n de las consultas online dentro del Sitio Web, ser\u00e1 llevado a cabo con sujeci\u00f3n a lo previsto en la legislaci\u00f3n anteriormente mencionada.<\/p>\n\n\n\n<p class=\"has-text-align-center\">Esta Web es un espacio seguro en donde se respetan y cuidan los datos personales de nuestros usuarios. Siendo la privacidad de sus datos muy importante para nosotros, les comunicamos nuestros principios rectores respecto a su privacidad:<\/p>\n\n\n\n<p class=\"has-text-align-center\">Solo le solicitamos la informaci\u00f3n personal necesaria para prestarle los servicios o informaciones que nos requiera. Fuera de los casos previstos por la Ley y para los fines en ella definidos, nunca compartimos informaci\u00f3n personal de nuestros usuarios con nadie, salvo que tengamos su autorizaci\u00f3n expresa para ello o nos encontremos plenamente legitimados, por ejemplo, para la prestaci\u00f3n de un servicio contratado o solicitado y su gesti\u00f3n. Nunca utilizamos sus datos personales con una finalidad diferente a la expresada en esta pol\u00edtica de privacidad. <strong>Identidad del responsable del tratamiento de los datos personales<\/strong><\/p>\n\n\n\n<p class=\"has-text-align-center\">Global Adventure Team SL con CIF B75506287 y direcci\u00f3n a estos efectos en Calle de Miguel Yuste 3, 3\u00baE, 28037 Madrid, tel\u00e9fono 915358425 y direcci\u00f3n electr\u00f3nica informacion@geographica.es<\/p>\n\n\n\n<p class=\"has-text-align-center\"><strong>Informaci\u00f3n recogida y finalidad<\/strong><\/p>\n\n\n\n<p class=\"has-text-align-center\">A los efectos establecidos en los arts. 13 y 14 RGPD (Derecho de informaci\u00f3n en la recogida de los datos), se informa previamente al interesado que los datos recogidos al usar nuestro formulario formar\u00e1n parte de nuestros ficheros siendo responsable del mismo el titular del Sitio Web. La finalidad de dicho tratamiento de datos es la gesti\u00f3n de acciones y el control de las comunicaciones, obedeciendo dicha recogida de datos personales a una relaci\u00f3n comercial o profesional entre las partes.<\/p>\n\n\n\n<p class=\"has-text-align-center\">Se informa igualmente al usuario, que la informaci\u00f3n suministrada queda sometida a la posible relaci\u00f3n comercial y no ser\u00e1 empleada a ning\u00fan fin adicional al previsto.<\/p>\n\n\n\n<p class=\"has-text-align-center\"><strong>Principios aplicables al tratamiento de datos personales<\/strong><\/p>\n\n\n\n<p class=\"has-text-align-center\">El tratamiento de los datos personales del interesado se someter\u00e1 a los siguientes principios recogidos en el art. 5 del RGPD y en el art\u00edculo 4 y siguientes de la LOPDGDD:<\/p>\n\n\n\n<p class=\"has-text-align-center\"><strong>Principio de licitud, lealtad y transparencia:<\/strong>\u00a0se requerir\u00e1 en todo momento el consentimiento del usuario previa informaci\u00f3n completamente transparente de los fines para los cuales se recogen los datos personales.<\/p>\n\n\n\n<p class=\"has-text-align-center\"><strong>Principio de limitaci\u00f3n de la finalidad:<\/strong>\u00a0los datos personales ser\u00e1n recogidos con fines determinados, expl\u00edcitos y leg\u00edtimos.<\/p>\n\n\n\n<p class=\"has-text-align-center\"><strong>Principio de minimizaci\u00f3n de datos:<\/strong>\u00a0los datos personales recogidos ser\u00e1n \u00fanicamente los estrictamente necesarios en relaci\u00f3n con los fines para los que son tratados.<\/p>\n\n\n\n<p class=\"has-text-align-center\"><strong>Principio de exactitud:<\/strong>\u00a0los datos personales deben ser exactos y estar siempre actualizados.<\/p>\n\n\n\n<p class=\"has-text-align-center\"><strong>Principio de limitaci\u00f3n del plazo de conservaci\u00f3n:<\/strong>\u00a0los datos personales solo ser\u00e1n mantenidos de forma que se permita la identificaci\u00f3n del usuario durante el tiempo necesario para los fines del tratamiento.<\/p>\n\n\n\n<p class=\"has-text-align-center\"><strong>Principio de integridad y confidencialidad:<\/strong>\u00a0los datos personales ser\u00e1n tratados de manera que se garantice su seguridad y reserva.<\/p>\n\n\n\n<p class=\"has-text-align-center\"><strong>Principio de responsabilidad proactiva:<\/strong>\u00a0El responsable del Sitio Web mantendr\u00e1 y regular\u00e1 los medios t\u00e9cnicos y log\u00edsticos necesarios suficientes para que todos los principios aplicables al tratamiento se cumplan.<\/p>\n\n\n\n<p class=\"has-text-align-center\"><strong>Categor\u00eda de los datos personales objeto de tratamiento<\/strong><\/p>\n\n\n\n<p class=\"has-text-align-center\">El responsable del Sitio Web \u00fanicamente trata datos identificativos o profesionales de los interesados (nombre, apellidos, NIF, direcci\u00f3n, correo electr\u00f3nico, curr\u00edculo, etc.) al objeto de tramitar y gestionar sus solicitudes o interacciones.<\/p>\n\n\n\n<p class=\"has-text-align-center\"><strong>Base legal para el tratamiento de datos personales<\/strong><\/p>\n\n\n\n<p class=\"has-text-align-center\">La base legal para el tratamiento de datos personales es el consentimiento del usuario.<\/p>\n\n\n\n<p class=\"has-text-align-center\"><strong>Conservaci\u00f3n de los datos personales<\/strong><\/p>\n\n\n\n<p class=\"has-text-align-center\">Los datos ser\u00e1n conservados siempre y cuando se haya realizado actividad entre las partes y durante el plazo legal establecido por las diferentes administraciones.<\/p>\n\n\n\n<p class=\"has-text-align-center\"><strong>Datos personales de menores de edad<\/strong><\/p>\n\n\n\n<p class=\"has-text-align-center\">El responsable del Sitio Web no recaba datos de menores de edad a trav\u00e9s de la presente web.<\/p>\n\n\n\n<p class=\"has-text-align-center\">Seguridad de los datos personales<\/p>\n\n\n\n<p class=\"has-text-align-center\">El responsable del Sitio Web ha adoptado todas las medidas necesarias, dentro de sus posibilidades y del estado de la tecnolog\u00eda, para garantizar el funcionamiento de la plataforma electr\u00f3nica y evitar la existencia de componentes da\u00f1inos para los clientes y\/o usuarios.<\/p>\n\n\n\n<p class=\"has-text-align-center\">Con todo, el responsable del servicio no puede garantizar que el uso del Sitio Web llegue a interrumpir su servicio por motivos t\u00e9cnicos. Asimismo, tampoco puede garantizar que la informaci\u00f3n suministrada est\u00e9 libre de errores, teniendo la misma un car\u00e1cter meramente informativo y no siendo \u00e9sta vinculante para el responsable del Sitio Web.<\/p>\n\n\n\n<p class=\"has-text-align-center\">En consecuencia, el responsable del Sitio Web no garantiza ni se hace responsable de:<\/p>\n\n\n\n<ol class=\"wp-block-list\">\n<li>La continuidad ininterrumpida en el uso del Sitio Web, as\u00ed como la falta de disponibilidad y\/o accesibilidad de la misma.<\/li>\n\n\n\n<li>La ausencia de errores en el uso del Sitio Web.<\/li>\n\n\n\n<li>La ausencia de virus y dem\u00e1s componentes da\u00f1inos en el Sitio Web o en el servidor que lo suministra. Aun aplicando, como se aplican, todas las t\u00e9cnicas de control y salvaguarda que hay a nuestro alcance.<\/li>\n\n\n\n<li>La invulnerabilidad del Sitio Web y\/o la inexpugnabilidad de las medidas de seguridad que se adopten en el mismo.<\/li>\n\n\n\n<li>Los da\u00f1os o perjuicios que cause, a s\u00ed mismo o a un tercero, cualquier persona que infringiera las condiciones de uso del Sitio Web o de los sistemas de seguridad de la misma.<\/li>\n\n\n\n<li>Cualesquiera otros da\u00f1os que pudieran ser causados por motivos inherentes al no funcionamiento o al funcionamiento defectuoso del Sitio Web o de los links ubicados en el dominio.<\/li>\n<\/ol>\n\n\n\n<p class=\"has-text-align-center\">El responsable del Sitio Web realiza los m\u00e1ximos esfuerzos para evitar errores en los contenidos que se publican. Todos los contenidos que se ofrecen a trav\u00e9s del mismo se encuentran actualizados, reserv\u00e1ndose el responsable del Sitio Web la facultad de poder modificarlos en cualquier momento. En cualquier caso, el proveedor de servicios no se responsabiliza de las consecuencias que puedan derivarse de los errores que puedan aparecer en los contenidos recogidos en el Sitio Web.<\/p>\n\n\n\n<p class=\"has-text-align-center\"><strong>Deber de confidencialidad y secreto<\/strong><\/p>\n\n\n\n<p class=\"has-text-align-center\">El responsable del Sitio Web se compromete a guardar el m\u00e1s riguroso de los secretos respecto a la informaci\u00f3n recabada por el usuario, teniendo el deber de proteger dicha informaci\u00f3n y comprometi\u00e9ndose a no divulgarla, publicarla, cederla, venderla, ni de forma directa o indirecta, ponerla a disposici\u00f3n de terceros no autorizados; manteniendo dicha obligaci\u00f3n aun cuando finalice la relaci\u00f3n comercial con el usuario.<\/p>\n\n\n\n<p class=\"has-text-align-center\">Por mediaci\u00f3n del presente, les informamos que los enlaces a nuestros distribuidores o colaboradores, les remiten directamente a ellos, con lo que Global Adventure Team exonera cualquier responsabilidad durante la navegaci\u00f3n por otros dominios aunque el enlace haya sido remitido desde nuestra p\u00e1gina web.<\/p>\n\n\n\n<p class=\"has-text-align-center\"><strong>Derechos derivados del tratamiento de los datos personales<\/strong><\/p>\n\n\n\n<p class=\"has-text-align-center\">El usuario podr\u00e1 ejercer frente al responsable del Sitio Web los siguientes derechos:<\/p>\n\n\n\n<p class=\"has-text-align-center\"><strong>Derecho de acceso:<\/strong>\u00a0Es el derecho del usuario a obtener confirmaci\u00f3n de si el responsable del Sitio Web est\u00e1 tratando o no sus datos personales y, en caso afirmativo, obtener informaci\u00f3n sobre los datos concretos tratados y del tratamiento que el responsable del Sitio Web haya realizado o realice, junto a la informaci\u00f3n disponible sobre el origen de dichos datos y sus destinatarios.<\/p>\n\n\n\n<p class=\"has-text-align-center\"><strong>Derecho de rectificaci\u00f3n:<\/strong>\u00a0Es el derecho del usuario a que se modifiquen sus datos personales cuando son inexactos o incompletos.<\/p>\n\n\n\n<p class=\"has-text-align-center\"><strong>Derecho de supresi\u00f3n:<\/strong>\u00a0Es el derecho del usuario a obtener la eliminaci\u00f3n de sus datos personales, siempre que la legislaci\u00f3n vigente no establezca lo contrario, cuando \u00e9stos ya no sean necesarios para los fines recabados por el tratamiento.<\/p>\n\n\n\n<p class=\"has-text-align-center\"><strong>Derecho a la limitaci\u00f3n del tratamiento:<\/strong>\u00a0Es el derecho del usuario a limitar el tratamiento de sus datos personales cuando el responsable del tratamiento ya no necesite los datos personales o los datos tratados sean excesivos para cumplir las finalidades previstas.<\/p>\n\n\n\n<p class=\"has-text-align-center\"><strong>Derecho a la portabilidad de los datos:<\/strong>\u00a0Es el derecho del usuario a recibir del responsable del tratamiento sus datos personales en un formato estructurado para transmitirlo directamente a otro responsable del tratamiento, siempre que sea t\u00e9cnicamente posible.<\/p>\n\n\n\n<p class=\"has-text-align-center\"><strong>Derecho de oposici\u00f3n:<\/strong>\u00a0Es el derecho del usuario a que no se lleve a cabo el tratamiento de sus datos personales o se cese el tratamiento de los mismos, cuando \u00e9stos ya no sean necesarios para cumplir las finalidades previstas.<\/p>\n\n\n\n<p class=\"has-text-align-center\">El responsable del Sitio Web informa al usuario que puede ejercitar los derechos de acceso, rectificaci\u00f3n, cancelaci\u00f3n, oposici\u00f3n, supresi\u00f3n, limitaci\u00f3n del tratamiento y portabilidad de los&nbsp;datos en los t\u00e9rminos previstos en la legislaci\u00f3n vigente, mediante solicitud expresa dirigida al responsable del Sitio Web que deber\u00e1 contener:<\/p>\n\n\n\n<ul class=\"wp-block-list\">\n<li>Nombre y apellidos del interesado, fotocopia de su DNI (exclusivamente para la verificaci\u00f3n de su identificaci\u00f3n), pasaporte u otro documento v\u00e1lido que permita su identificaci\u00f3n.<\/li>\n\n\n\n<li>Petici\u00f3n en que se concreta su solicitud.<\/li>\n\n\n\n<li>Domicilio a efectos de comunicaciones.<\/li>\n\n\n\n<li>Fecha y firma del solicitante.<\/li>\n\n\n\n<li>Documentos acreditativos de la petici\u00f3n que formula, en su caso.<\/li>\n<\/ul>\n\n\n\n<p class=\"has-text-align-center\">La citada solicitud ser\u00e1 atendida por el responsable del Sitio Web en los t\u00e9rminos previstos en el RGPD y en su normativa correspondiente de desarrollo.<\/p>\n\n\n\n<p class=\"has-text-align-center\">Dicha solicitud podr\u00e1 formalizarse a trav\u00e9s del correo electr\u00f3nico: informacion@geographica.es<\/p>\n\n\n\n<p class=\"has-text-align-center\"><strong>Reclamaciones ante la autoridad de control<\/strong><\/p>\n\n\n\n<p class=\"has-text-align-center\">En caso de que el usuario considere que existe un problema o infracci\u00f3n de la normativa vigente en materia de protecci\u00f3n de datos, tendr\u00e1 derecho a presentar una reclamaci\u00f3n ante una autoridad de control que, en el caso de Espa\u00f1a, es la Agencia Espa\u00f1ola de Protecci\u00f3n de Datos (www.aepd.es)<\/p>\n\n\n\n<p class=\"has-text-align-center\"><strong>Pol\u00edtica de Cookies<\/strong><\/p>\n\n\n\n<p class=\"has-text-align-center\">El Sitio Web hace uso de cookies que son aceptadas, rechazadas o configuradas expresamente por el usuario en el inicio de la sesi\u00f3n, para mayor informaci\u00f3n al respecto pinchen en el enlace que se encuentra a pie de p\u00e1gina.<\/p>\n\n\n\n<p class=\"has-text-align-center\">Informar que los diferentes navegadores utilizan diferentes cookies, el listado que les presentamos es el total de cookies que hemos encontrado en los navegadores: Google Chrome, Edge, Firefox y Brave, que son los de uso m\u00e1s frecuente. No nos podemos hacer responsables de otras cookies en el caso de que utilicen un navegador diferente.<\/p>\n\n\n\n<p class=\"has-text-align-center\"><strong>Cambios en la pol\u00edtica de privacidad<\/strong><\/p>\n\n\n\n<p class=\"has-text-align-center\">El responsable del Sitio Web se reserva el derecho a modificar esta Pol\u00edtica de Privacidad y de Cookies, de acuerdo a su propio criterio, o motivado por un cambio legislativo, jurisprudencial o doctrinal de la autoridad de control. Los cambios o actualizaciones de esta Pol\u00edtica de Privacidad y de Cookies ser\u00e1n notificados de forma expl\u00edcita al usuario registrado.<\/p>\n\n\n\n<p class=\"has-text-align-center\"><em>La \u00faltima revisi\u00f3n de la presente Pol\u00edtica de Privacidad fue aprobada en fecha 08 de enero de<br>2025.<\/em><br><\/p>\n\n\n\n<p><\/p>\n","protected":false},"excerpt":{"rendered":"<p>Pol\u00edtica de privacidad Esta pol\u00edtica de privacidad est\u00e1 adaptada a la legislaci\u00f3n espa\u00f1ola y europea vigente en materia de protecci\u00f3n<\/p>\n","protected":false},"author":1,"featured_media":0,"parent":0,"menu_order":0,"comment_status":"closed","ping_status":"closed","template":"","meta":{"site-sidebar-layout":"default","site-content-layout":"","ast-site-content-layout":"default","site-content-style":"default","site-sidebar-style":"default","ast-global-header-display":"","ast-banner-title-visibility":"","ast-main-header-display":"","ast-hfb-above-header-display":"","ast-hfb-below-header-display":"","ast-hfb-mobile-header-display":"","site-post-title":"disabled","ast-breadcrumbs-content":"","ast-featured-img":"","footer-sml-layout":"","ast-disable-related-posts":"","theme-transparent-header-meta":"","adv-header-id-meta":"","stick-header-meta":"","header-above-stick-meta":"","header-main-stick-meta":"","header-below-stick-meta":"","astra-migrate-meta-layouts":"default","ast-page-background-enabled":"default","ast-page-background-meta":{"desktop":{"background-color":"var(--ast-global-color-5)","background-image":"","background-repeat":"repeat","background-position":"center center","background-size":"auto","background-attachment":"scroll","background-type":"","background-media":"","overlay-type":"","overlay-color":"","overlay-opacity":"","overlay-gradient":""},"tablet":{"background-color":"","background-image":"","background-repeat":"repeat","background-position":"center center","background-size":"auto","background-attachment":"scroll","background-type":"","background-media":"","overlay-type":"","overlay-color":"","overlay-opacity":"","overlay-gradient":""},"mobile":{"background-color":"","background-image":"","background-repeat":"repeat","background-position":"center center","background-size":"auto","background-attachment":"scroll","background-type":"","background-media":"","overlay-type":"","overlay-color":"","overlay-opacity":"","overlay-gradient":""}},"ast-content-background-meta":{"desktop":{"background-color":"var(--ast-global-color-4)","background-image":"","background-repeat":"repeat","background-position":"center center","background-size":"auto","background-attachment":"scroll","background-type":"","background-media":"","overlay-type":"","overlay-color":"","overlay-opacity":"","overlay-gradient":""},"tablet":{"background-color":"var(--ast-global-color-4)","background-image":"","background-repeat":"repeat","background-position":"center center","background-size":"auto","background-attachment":"scroll","background-type":"","background-media":"","overlay-type":"","overlay-color":"","overlay-opacity":"","overlay-gradient":""},"mobile":{"background-color":"var(--ast-global-color-4)","background-image":"","background-repeat":"repeat","background-position":"center center","background-size":"auto","background-attachment":"scroll","background-type":"","background-media":"","overlay-type":"","overlay-color":"","overlay-opacity":"","overlay-gradient":""}},"footnotes":""},"class_list":["post-133","page","type-page","status-publish","hentry"],"yoast_head":"<!-- This site is optimized with the Yoast SEO Premium plugin v25.4 (Yoast SEO v27.2) - https:\/\/yoast.com\/product\/yoast-seo-premium-wordpress\/ -->\n<title>Pol\u00edtica de privacidad -<\/title>\n<meta name=\"description\" content=\"Pol\u00edtica de privacidad -\" \/>\n<meta name=\"robots\" content=\"noindex, follow, max-snippet:-1, max-image-preview:large, max-video-preview:-1\" \/>\n<meta property=\"og:locale\" content=\"es_ES\" \/>\n<meta property=\"og:type\" content=\"article\" \/>\n<meta property=\"og:title\" content=\"Pol\u00edtica de privacidad\" \/>\n<meta property=\"og:description\" content=\"Pol\u00edtica de privacidad -\" \/>\n<meta property=\"og:url\" content=\"https:\/\/geographica.es\/blog-geographica\/politica-de-privacidad\/\" \/>\n<meta property=\"article:publisher\" content=\"https:\/\/www.facebook.com\/geographica.es\/?locale=es_ES\" \/>\n<meta property=\"article:modified_time\" content=\"2025-07-24T16:31:22+00:00\" \/>\n<meta property=\"og:image\" content=\"https:\/\/geographica.es\/blog-geographica\/wp-content\/uploads\/2025\/07\/geographica.png\" \/>\n\t<meta property=\"og:image:width\" content=\"128\" \/>\n\t<meta property=\"og:image:height\" content=\"63\" \/>\n\t<meta property=\"og:image:type\" content=\"image\/png\" \/>\n<meta name=\"twitter:card\" content=\"summary_large_image\" \/>\n<meta name=\"twitter:label1\" content=\"Tiempo de lectura\" \/>\n\t<meta name=\"twitter:data1\" content=\"9 minutos\" \/>\n<script type=\"application\/ld+json\" class=\"yoast-schema-graph\">{\"@context\":\"https:\/\/schema.org\",\"@graph\":[{\"@type\":\"WebPage\",\"@id\":\"https:\/\/geographica.es\/blog-geographica\/politica-de-privacidad\/\",\"url\":\"https:\/\/geographica.es\/blog-geographica\/politica-de-privacidad\/\",\"name\":\"Pol\u00edtica de privacidad -\",\"isPartOf\":{\"@id\":\"https:\/\/geographica.es\/blog-geographica\/#website\"},\"datePublished\":\"2025-07-24T16:29:24+00:00\",\"dateModified\":\"2025-07-24T16:31:22+00:00\",\"description\":\"Pol\u00edtica de privacidad -\",\"breadcrumb\":{\"@id\":\"https:\/\/geographica.es\/blog-geographica\/politica-de-privacidad\/#breadcrumb\"},\"inLanguage\":\"es\",\"potentialAction\":[{\"@type\":\"ReadAction\",\"target\":[\"https:\/\/geographica.es\/blog-geographica\/politica-de-privacidad\/\"]}]},{\"@type\":\"BreadcrumbList\",\"@id\":\"https:\/\/geographica.es\/blog-geographica\/politica-de-privacidad\/#breadcrumb\",\"itemListElement\":[{\"@type\":\"ListItem\",\"position\":1,\"name\":\"Home\",\"item\":\"https:\/\/geographica.es\/blog-geographica\/\"},{\"@type\":\"ListItem\",\"position\":2,\"name\":\"Pol\u00edtica de privacidad\"}]},{\"@type\":\"WebSite\",\"@id\":\"https:\/\/geographica.es\/blog-geographica\/#website\",\"url\":\"https:\/\/geographica.es\/blog-geographica\/\",\"name\":\"Blog Geographica\",\"description\":\"Blog\",\"publisher\":{\"@id\":\"https:\/\/geographica.es\/blog-geographica\/#organization\"},\"potentialAction\":[{\"@type\":\"SearchAction\",\"target\":{\"@type\":\"EntryPoint\",\"urlTemplate\":\"https:\/\/geographica.es\/blog-geographica\/?s={search_term_string}\"},\"query-input\":{\"@type\":\"PropertyValueSpecification\",\"valueRequired\":true,\"valueName\":\"search_term_string\"}}],\"inLanguage\":\"es\"},{\"@type\":\"Organization\",\"@id\":\"https:\/\/geographica.es\/blog-geographica\/#organization\",\"name\":\"Global Adventure Team\",\"url\":\"https:\/\/geographica.es\/blog-geographica\/\",\"logo\":{\"@type\":\"ImageObject\",\"inLanguage\":\"es\",\"@id\":\"https:\/\/geographica.es\/blog-geographica\/#\/schema\/logo\/image\/\",\"url\":\"https:\/\/geographica.es\/blog-geographica\/wp-content\/uploads\/2025\/07\/geographica.png\",\"contentUrl\":\"https:\/\/geographica.es\/blog-geographica\/wp-content\/uploads\/2025\/07\/geographica.png\",\"width\":128,\"height\":63,\"caption\":\"Global Adventure Team\"},\"image\":{\"@id\":\"https:\/\/geographica.es\/blog-geographica\/#\/schema\/logo\/image\/\"},\"sameAs\":[\"https:\/\/www.facebook.com\/geographica.es\/?locale=es_ES\"]}]}<\/script>\n<!-- \/ Yoast SEO Premium plugin. -->","yoast_head_json":{"title":"Pol\u00edtica de privacidad -","description":"Pol\u00edtica de privacidad -","robots":{"index":"noindex","follow":"follow","max-snippet":"max-snippet:-1","max-image-preview":"max-image-preview:large","max-video-preview":"max-video-preview:-1"},"og_locale":"es_ES","og_type":"article","og_title":"Pol\u00edtica de privacidad","og_description":"Pol\u00edtica de privacidad -","og_url":"https:\/\/geographica.es\/blog-geographica\/politica-de-privacidad\/","article_publisher":"https:\/\/www.facebook.com\/geographica.es\/?locale=es_ES","article_modified_time":"2025-07-24T16:31:22+00:00","og_image":[{"width":128,"height":63,"url":"https:\/\/geographica.es\/blog-geographica\/wp-content\/uploads\/2025\/07\/geographica.png","type":"image\/png"}],"twitter_card":"summary_large_image","twitter_misc":{"Tiempo de lectura":"9 minutos"},"schema":{"@context":"https:\/\/schema.org","@graph":[{"@type":"WebPage","@id":"https:\/\/geographica.es\/blog-geographica\/politica-de-privacidad\/","url":"https:\/\/geographica.es\/blog-geographica\/politica-de-privacidad\/","name":"Pol\u00edtica de privacidad -","isPartOf":{"@id":"https:\/\/geographica.es\/blog-geographica\/#website"},"datePublished":"2025-07-24T16:29:24+00:00","dateModified":"2025-07-24T16:31:22+00:00","description":"Pol\u00edtica de privacidad -","breadcrumb":{"@id":"https:\/\/geographica.es\/blog-geographica\/politica-de-privacidad\/#breadcrumb"},"inLanguage":"es","potentialAction":[{"@type":"ReadAction","target":["https:\/\/geographica.es\/blog-geographica\/politica-de-privacidad\/"]}]},{"@type":"BreadcrumbList","@id":"https:\/\/geographica.es\/blog-geographica\/politica-de-privacidad\/#breadcrumb","itemListElement":[{"@type":"ListItem","position":1,"name":"Home","item":"https:\/\/geographica.es\/blog-geographica\/"},{"@type":"ListItem","position":2,"name":"Pol\u00edtica de privacidad"}]},{"@type":"WebSite","@id":"https:\/\/geographica.es\/blog-geographica\/#website","url":"https:\/\/geographica.es\/blog-geographica\/","name":"Blog Geographica","description":"Blog","publisher":{"@id":"https:\/\/geographica.es\/blog-geographica\/#organization"},"potentialAction":[{"@type":"SearchAction","target":{"@type":"EntryPoint","urlTemplate":"https:\/\/geographica.es\/blog-geographica\/?s={search_term_string}"},"query-input":{"@type":"PropertyValueSpecification","valueRequired":true,"valueName":"search_term_string"}}],"inLanguage":"es"},{"@type":"Organization","@id":"https:\/\/geographica.es\/blog-geographica\/#organization","name":"Global Adventure Team","url":"https:\/\/geographica.es\/blog-geographica\/","logo":{"@type":"ImageObject","inLanguage":"es","@id":"https:\/\/geographica.es\/blog-geographica\/#\/schema\/logo\/image\/","url":"https:\/\/geographica.es\/blog-geographica\/wp-content\/uploads\/2025\/07\/geographica.png","contentUrl":"https:\/\/geographica.es\/blog-geographica\/wp-content\/uploads\/2025\/07\/geographica.png","width":128,"height":63,"caption":"Global Adventure Team"},"image":{"@id":"https:\/\/geographica.es\/blog-geographica\/#\/schema\/logo\/image\/"},"sameAs":["https:\/\/www.facebook.com\/geographica.es\/?locale=es_ES"]}]}},"_links":{"self":[{"href":"https:\/\/geographica.es\/blog-geographica\/wp-json\/wp\/v2\/pages\/133","targetHints":{"allow":["GET"]}}],"collection":[{"href":"https:\/\/geographica.es\/blog-geographica\/wp-json\/wp\/v2\/pages"}],"about":[{"href":"https:\/\/geographica.es\/blog-geographica\/wp-json\/wp\/v2\/types\/page"}],"author":[{"embeddable":true,"href":"https:\/\/geographica.es\/blog-geographica\/wp-json\/wp\/v2\/users\/1"}],"replies":[{"embeddable":true,"href":"https:\/\/geographica.es\/blog-geographica\/wp-json\/wp\/v2\/comments?post=133"}],"version-history":[{"count":3,"href":"https:\/\/geographica.es\/blog-geographica\/wp-json\/wp\/v2\/pages\/133\/revisions"}],"predecessor-version":[{"id":138,"href":"https:\/\/geographica.es\/blog-geographica\/wp-json\/wp\/v2\/pages\/133\/revisions\/138"}],"wp:attachment":[{"href":"https:\/\/geographica.es\/blog-geographica\/wp-json\/wp\/v2\/media?parent=133"}],"curies":[{"name":"wp","href":"https:\/\/api.w.org\/{rel}","templated":true}]}}